{"id":34709,"date":"2025-06-19T21:32:48","date_gmt":"2025-06-19T19:32:48","guid":{"rendered":"https:\/\/oliodellarocca.com\/cadeaux-personnalises\/"},"modified":"2025-09-27T17:54:08","modified_gmt":"2025-09-27T15:54:08","slug":"cadeaux-personnalises","status":"publish","type":"page","link":"https:\/\/oliodellarocca.com\/fr\/cadeaux-personnalises\/","title":{"rendered":"CADEAUX PERSONNALIS\u00c9S"},"content":{"rendered":"\t\t<div data-elementor-type=\"wp-page\" data-elementor-id=\"34709\" class=\"elementor elementor-34709 elementor-34699\">\n\t\t\t\t<div class=\"elementor-element elementor-element-689ed66 e-flex e-con-boxed e-con e-parent\" data-id=\"689ed66\" data-element_type=\"container\" data-settings=\"{&quot;background_background&quot;:&quot;classic&quot;}\">\n\t\t\t\t\t<div class=\"e-con-inner\">\n\t\t\t\t\t<\/div>\n\t\t\t\t<\/div>\n\t\t<div class=\"elementor-element elementor-element-b562898 e-flex e-con-boxed e-con e-parent\" data-id=\"b562898\" data-element_type=\"container\">\n\t\t\t\t\t<div class=\"e-con-inner\">\n\t\t\t\t<div class=\"elementor-element elementor-element-f83d522 elementor-widget elementor-widget-heading\" data-id=\"f83d522\" data-element_type=\"widget\" data-widget_type=\"heading.default\">\n\t\t\t\t<div class=\"elementor-widget-container\">\n\t\t\t\t\t<h2 class=\"elementor-heading-title elementor-size-default\">Cadeaux personnalis\u00e9s<\/h2>\t\t\t\t<\/div>\n\t\t\t\t<\/div>\n\t\t\t\t<div class=\"elementor-element elementor-element-fb60f8a elementor-widget elementor-widget-spacer\" data-id=\"fb60f8a\" data-element_type=\"widget\" data-widget_type=\"spacer.default\">\n\t\t\t\t<div class=\"elementor-widget-container\">\n\t\t\t\t\t\t\t<div class=\"elementor-spacer\">\n\t\t\t<div class=\"elementor-spacer-inner\"><\/div>\n\t\t<\/div>\n\t\t\t\t\t\t<\/div>\n\t\t\t\t<\/div>\n\t\t\t\t<div class=\"elementor-element elementor-element-16ed9d4 elementor-widget elementor-widget-text-editor\" data-id=\"16ed9d4\" data-element_type=\"widget\" data-widget_type=\"text-editor.default\">\n\t\t\t\t<div class=\"elementor-widget-container\">\n\t\t\t\t\t\t\t\t\t<p dir=\"auto\">Offrez \u00e0 vos \u00e9v\u00e9nements et \u00e0 vos cadeaux d&rsquo;entreprise une touche d&rsquo;excellence avec <strong>olio della rocca<\/strong>, o\u00f9 <strong>sant\u00e9, saveur et durabilit\u00e9<\/strong> se rencontrent pour cr\u00e9er le cadeau parfait. Que ce soit pour conclure vos \u00e9v\u00e9nements avec un souvenir m\u00e9morable ou pour montrer votre reconnaissance \u00e0 vos employ\u00e9s et clients avec un pr\u00e9sent attentionn\u00e9, nous avons ce qu&rsquo;il vous faut.<\/p><p dir=\"auto\">Laissez-vous inspirer par <strong>nos coffrets cadeaux exquis<\/strong> ou cr\u00e9ez <strong>votre propre ensemble personnalis\u00e9<\/strong> \u00e0 partir de notre large gamme de produits. Chaque bouteille peut \u00eatre personnalis\u00e9e pour rendre votre cadeau v\u00e9ritablement unique. Si vous le souhaitez, nous pouvons organiser l&#8217;emballage de vos cadeaux dans un sac, une bo\u00eete ou un panier cadeau \u00e9l\u00e9gant. Que ce soit pour un seul cadeau ou pour des quantit\u00e9s plus importantes, nous serons ravis de vous proposer <strong>une offre sur mesure adapt\u00e9e \u00e0 vos besoins<\/strong>.<\/p><p dir=\"auto\">En plus de <strong>notre huile d&rsquo;olive premium<\/strong>, nous proposons une vari\u00e9t\u00e9 de produits de notre village en Sicile. D\u00e9couvrez notre <strong>pesto aux amandes et pistaches<\/strong>, une sp\u00e9cialit\u00e9 r\u00e9gionale, ou savourez les saveurs uniques<strong>\u00a0infus\u00e9s au safran<\/strong> et de <strong>nos d\u00e9licieuses biscuits aux amandes<\/strong>.<\/p><p dir=\"auto\">Pour toute question ou pour passer une commande, n&rsquo;h\u00e9sitez pas \u00e0 nous contacter \u00e0 l&rsquo;adresse <strong><a href=\"mailto:info@oliodellarocca.com\">info@oliodellarocca.com<\/a><\/strong>. Nous nous r\u00e9jouissons de rendre votre exp\u00e9rience de cadeaux exceptionnelle.<\/p>\t\t\t\t\t\t\t\t<\/div>\n\t\t\t\t<\/div>\n\t\t\t\t\t<\/div>\n\t\t\t\t<\/div>\n\t\t\t\t<\/div>\n\t\t","protected":false},"excerpt":{"rendered":"<p>Cadeaux personnalis\u00e9s Offrez \u00e0 vos \u00e9v\u00e9nements et \u00e0 vos cadeaux d&rsquo;entreprise une touche d&rsquo;excellence avec olio della rocca, o\u00f9 sant\u00e9, saveur et durabilit\u00e9 se rencontrent pour cr\u00e9er le cadeau parfait. Que ce soit pour conclure vos \u00e9v\u00e9nements avec un souvenir m\u00e9morable ou pour montrer votre reconnaissance \u00e0 vos employ\u00e9s et clients avec un pr\u00e9sent attentionn\u00e9, [&hellip;]<\/p>\n","protected":false},"author":6,"featured_media":0,"parent":0,"menu_order":0,"comment_status":"closed","ping_status":"closed","template":"","meta":{"_acf_changed":false,"site-sidebar-layout":"no-sidebar","site-content-layout":"page-builder","ast-site-content-layout":"full-width-container","site-content-style":"unboxed","site-sidebar-style":"unboxed","ast-global-header-display":"","ast-banner-title-visibility":"","ast-main-header-display":"","ast-hfb-above-header-display":"","ast-hfb-below-header-display":"","ast-hfb-mobile-header-display":"","site-post-title":"disabled","ast-breadcrumbs-content":"","ast-featured-img":"disabled","footer-sml-layout":"","theme-transparent-header-meta":"default","adv-header-id-meta":"","stick-header-meta":"","header-above-stick-meta":"","header-main-stick-meta":"","header-below-stick-meta":"","astra-migrate-meta-layouts":"set","ast-page-background-enabled":"default","ast-page-background-meta":{"desktop":{"background-color":"var(--ast-global-color-4)","background-image":"","background-repeat":"repeat","background-position":"center center","background-size":"auto","background-attachment":"scroll","background-type":"","background-media":"","overlay-type":"","overlay-color":"","overlay-opacity":"","overlay-gradient":""},"tablet":{"background-color":"","background-image":"","background-repeat":"repeat","background-position":"center center","background-size":"auto","background-attachment":"scroll","background-type":"","background-media":"","overlay-type":"","overlay-color":"","overlay-opacity":"","overlay-gradient":""},"mobile":{"background-color":"","background-image":"","background-repeat":"repeat","background-position":"center center","background-size":"auto","background-attachment":"scroll","background-type":"","background-media":"","overlay-type":"","overlay-color":"","overlay-opacity":"","overlay-gradient":""}},"ast-content-background-meta":{"desktop":{"background-color":"var(--ast-global-color-5)","background-image":"","background-repeat":"repeat","background-position":"center center","background-size":"auto","background-attachment":"scroll","background-type":"","background-media":"","overlay-type":"","overlay-color":"","overlay-opacity":"","overlay-gradient":""},"tablet":{"background-color":"var(--ast-global-color-5)","background-image":"","background-repeat":"repeat","background-position":"center center","background-size":"auto","background-attachment":"scroll","background-type":"","background-media":"","overlay-type":"","overlay-color":"","overlay-opacity":"","overlay-gradient":""},"mobile":{"background-color":"var(--ast-global-color-5)","background-image":"","background-repeat":"repeat","background-position":"center center","background-size":"auto","background-attachment":"scroll","background-type":"","background-media":"","overlay-type":"","overlay-color":"","overlay-opacity":"","overlay-gradient":""}},"footnotes":""},"class_list":["post-34709","page","type-page","status-publish","hentry"],"acf":[],"yoast_head":"<!-- This site is optimized with the Yoast SEO plugin v27.4 - https:\/\/yoast.com\/product\/yoast-seo-wordpress\/ -->\n<title>CADEAUX PERSONNALIS\u00c9S - olio della rocca<\/title>\n<meta name=\"robots\" content=\"index, follow, max-snippet:-1, max-image-preview:large, max-video-preview:-1\" \/>\n<link rel=\"canonical\" href=\"https:\/\/oliodellarocca.com\/fr\/cadeaux-personnalises\/\" \/>\n<meta property=\"og:locale\" content=\"fr_FR\" \/>\n<meta property=\"og:type\" content=\"article\" \/>\n<meta property=\"og:title\" content=\"CADEAUX PERSONNALIS\u00c9S - olio della rocca\" \/>\n<meta property=\"og:description\" content=\"Cadeaux personnalis\u00e9s Offrez \u00e0 vos \u00e9v\u00e9nements et \u00e0 vos cadeaux d&rsquo;entreprise une touche d&rsquo;excellence avec olio della rocca, o\u00f9 sant\u00e9, saveur et durabilit\u00e9 se rencontrent pour cr\u00e9er le cadeau parfait. Que ce soit pour conclure vos \u00e9v\u00e9nements avec un souvenir m\u00e9morable ou pour montrer votre reconnaissance \u00e0 vos employ\u00e9s et clients avec un pr\u00e9sent attentionn\u00e9, [&hellip;]\" \/>\n<meta property=\"og:url\" content=\"https:\/\/oliodellarocca.com\/fr\/cadeaux-personnalises\/\" \/>\n<meta property=\"og:site_name\" content=\"olio della rocca\" \/>\n<meta property=\"article:modified_time\" content=\"2025-09-27T15:54:08+00:00\" \/>\n<meta name=\"twitter:card\" content=\"summary_large_image\" \/>\n<meta name=\"twitter:label1\" content=\"Dur\u00e9e de lecture estim\u00e9e\" \/>\n\t<meta name=\"twitter:data1\" content=\"1 minute\" \/>\n<script type=\"application\/ld+json\" class=\"yoast-schema-graph\">{\"@context\":\"https:\\\/\\\/schema.org\",\"@graph\":[{\"@type\":\"WebPage\",\"@id\":\"https:\\\/\\\/oliodellarocca.com\\\/fr\\\/cadeaux-personnalises\\\/\",\"url\":\"https:\\\/\\\/oliodellarocca.com\\\/fr\\\/cadeaux-personnalises\\\/\",\"name\":\"CADEAUX PERSONNALIS\u00c9S - olio della rocca\",\"isPartOf\":{\"@id\":\"https:\\\/\\\/oliodellarocca.com\\\/fr\\\/#website\"},\"datePublished\":\"2025-06-19T19:32:48+00:00\",\"dateModified\":\"2025-09-27T15:54:08+00:00\",\"breadcrumb\":{\"@id\":\"https:\\\/\\\/oliodellarocca.com\\\/fr\\\/cadeaux-personnalises\\\/#breadcrumb\"},\"inLanguage\":\"fr-FR\",\"potentialAction\":[{\"@type\":\"ReadAction\",\"target\":[\"https:\\\/\\\/oliodellarocca.com\\\/fr\\\/cadeaux-personnalises\\\/\"]}]},{\"@type\":\"BreadcrumbList\",\"@id\":\"https:\\\/\\\/oliodellarocca.com\\\/fr\\\/cadeaux-personnalises\\\/#breadcrumb\",\"itemListElement\":[{\"@type\":\"ListItem\",\"position\":1,\"name\":\"Accueil\",\"item\":\"https:\\\/\\\/oliodellarocca.com\\\/fr\\\/accueil\\\/\"},{\"@type\":\"ListItem\",\"position\":2,\"name\":\"CADEAUX PERSONNALIS\u00c9S\"}]},{\"@type\":\"WebSite\",\"@id\":\"https:\\\/\\\/oliodellarocca.com\\\/fr\\\/#website\",\"url\":\"https:\\\/\\\/oliodellarocca.com\\\/fr\\\/\",\"name\":\"olio della rocca\",\"description\":\"Sicilian olive oil\",\"publisher\":{\"@id\":\"https:\\\/\\\/oliodellarocca.com\\\/fr\\\/#organization\"},\"potentialAction\":[{\"@type\":\"SearchAction\",\"target\":{\"@type\":\"EntryPoint\",\"urlTemplate\":\"https:\\\/\\\/oliodellarocca.com\\\/fr\\\/?s={search_term_string}\"},\"query-input\":{\"@type\":\"PropertyValueSpecification\",\"valueRequired\":true,\"valueName\":\"search_term_string\"}}],\"inLanguage\":\"fr-FR\"},{\"@type\":\"Organization\",\"@id\":\"https:\\\/\\\/oliodellarocca.com\\\/fr\\\/#organization\",\"name\":\"olio della rocca\",\"url\":\"https:\\\/\\\/oliodellarocca.com\\\/fr\\\/\",\"logo\":{\"@type\":\"ImageObject\",\"inLanguage\":\"fr-FR\",\"@id\":\"https:\\\/\\\/oliodellarocca.com\\\/fr\\\/#\\\/schema\\\/logo\\\/image\\\/\",\"url\":\"https:\\\/\\\/oliodellarocca.com\\\/wp-content\\\/uploads\\\/2023\\\/10\\\/cropped-logo-01.png\",\"contentUrl\":\"https:\\\/\\\/oliodellarocca.com\\\/wp-content\\\/uploads\\\/2023\\\/10\\\/cropped-logo-01.png\",\"width\":2560,\"height\":444,\"caption\":\"olio della rocca\"},\"image\":{\"@id\":\"https:\\\/\\\/oliodellarocca.com\\\/fr\\\/#\\\/schema\\\/logo\\\/image\\\/\"},\"sameAs\":[\"https:\\\/\\\/www.instagram.com\\\/oliodellarocca\\\/\"]}]}<\/script>\n<!-- \/ Yoast SEO plugin. -->","yoast_head_json":{"title":"CADEAUX PERSONNALIS\u00c9S - olio della rocca","robots":{"index":"index","follow":"follow","max-snippet":"max-snippet:-1","max-image-preview":"max-image-preview:large","max-video-preview":"max-video-preview:-1"},"canonical":"https:\/\/oliodellarocca.com\/fr\/cadeaux-personnalises\/","og_locale":"fr_FR","og_type":"article","og_title":"CADEAUX PERSONNALIS\u00c9S - olio della rocca","og_description":"Cadeaux personnalis\u00e9s Offrez \u00e0 vos \u00e9v\u00e9nements et \u00e0 vos cadeaux d&rsquo;entreprise une touche d&rsquo;excellence avec olio della rocca, o\u00f9 sant\u00e9, saveur et durabilit\u00e9 se rencontrent pour cr\u00e9er le cadeau parfait. Que ce soit pour conclure vos \u00e9v\u00e9nements avec un souvenir m\u00e9morable ou pour montrer votre reconnaissance \u00e0 vos employ\u00e9s et clients avec un pr\u00e9sent attentionn\u00e9, [&hellip;]","og_url":"https:\/\/oliodellarocca.com\/fr\/cadeaux-personnalises\/","og_site_name":"olio della rocca","article_modified_time":"2025-09-27T15:54:08+00:00","twitter_card":"summary_large_image","twitter_misc":{"Dur\u00e9e de lecture estim\u00e9e":"1 minute"},"schema":{"@context":"https:\/\/schema.org","@graph":[{"@type":"WebPage","@id":"https:\/\/oliodellarocca.com\/fr\/cadeaux-personnalises\/","url":"https:\/\/oliodellarocca.com\/fr\/cadeaux-personnalises\/","name":"CADEAUX PERSONNALIS\u00c9S - olio della rocca","isPartOf":{"@id":"https:\/\/oliodellarocca.com\/fr\/#website"},"datePublished":"2025-06-19T19:32:48+00:00","dateModified":"2025-09-27T15:54:08+00:00","breadcrumb":{"@id":"https:\/\/oliodellarocca.com\/fr\/cadeaux-personnalises\/#breadcrumb"},"inLanguage":"fr-FR","potentialAction":[{"@type":"ReadAction","target":["https:\/\/oliodellarocca.com\/fr\/cadeaux-personnalises\/"]}]},{"@type":"BreadcrumbList","@id":"https:\/\/oliodellarocca.com\/fr\/cadeaux-personnalises\/#breadcrumb","itemListElement":[{"@type":"ListItem","position":1,"name":"Accueil","item":"https:\/\/oliodellarocca.com\/fr\/accueil\/"},{"@type":"ListItem","position":2,"name":"CADEAUX PERSONNALIS\u00c9S"}]},{"@type":"WebSite","@id":"https:\/\/oliodellarocca.com\/fr\/#website","url":"https:\/\/oliodellarocca.com\/fr\/","name":"olio della rocca","description":"Sicilian olive oil","publisher":{"@id":"https:\/\/oliodellarocca.com\/fr\/#organization"},"potentialAction":[{"@type":"SearchAction","target":{"@type":"EntryPoint","urlTemplate":"https:\/\/oliodellarocca.com\/fr\/?s={search_term_string}"},"query-input":{"@type":"PropertyValueSpecification","valueRequired":true,"valueName":"search_term_string"}}],"inLanguage":"fr-FR"},{"@type":"Organization","@id":"https:\/\/oliodellarocca.com\/fr\/#organization","name":"olio della rocca","url":"https:\/\/oliodellarocca.com\/fr\/","logo":{"@type":"ImageObject","inLanguage":"fr-FR","@id":"https:\/\/oliodellarocca.com\/fr\/#\/schema\/logo\/image\/","url":"https:\/\/oliodellarocca.com\/wp-content\/uploads\/2023\/10\/cropped-logo-01.png","contentUrl":"https:\/\/oliodellarocca.com\/wp-content\/uploads\/2023\/10\/cropped-logo-01.png","width":2560,"height":444,"caption":"olio della rocca"},"image":{"@id":"https:\/\/oliodellarocca.com\/fr\/#\/schema\/logo\/image\/"},"sameAs":["https:\/\/www.instagram.com\/oliodellarocca\/"]}]}},"jetpack_sharing_enabled":true,"_links":{"self":[{"href":"https:\/\/oliodellarocca.com\/fr\/wp-json\/wp\/v2\/pages\/34709","targetHints":{"allow":["GET"]}}],"collection":[{"href":"https:\/\/oliodellarocca.com\/fr\/wp-json\/wp\/v2\/pages"}],"about":[{"href":"https:\/\/oliodellarocca.com\/fr\/wp-json\/wp\/v2\/types\/page"}],"author":[{"embeddable":true,"href":"https:\/\/oliodellarocca.com\/fr\/wp-json\/wp\/v2\/users\/6"}],"replies":[{"embeddable":true,"href":"https:\/\/oliodellarocca.com\/fr\/wp-json\/wp\/v2\/comments?post=34709"}],"version-history":[{"count":17,"href":"https:\/\/oliodellarocca.com\/fr\/wp-json\/wp\/v2\/pages\/34709\/revisions"}],"predecessor-version":[{"id":34960,"href":"https:\/\/oliodellarocca.com\/fr\/wp-json\/wp\/v2\/pages\/34709\/revisions\/34960"}],"wp:attachment":[{"href":"https:\/\/oliodellarocca.com\/fr\/wp-json\/wp\/v2\/media?parent=34709"}],"curies":[{"name":"wp","href":"https:\/\/api.w.org\/{rel}","templated":true}]}}