{"id":34164,"date":"2025-04-22T14:04:12","date_gmt":"2025-04-22T12:04:12","guid":{"rendered":"https:\/\/oliodellarocca.com\/conditions-generales\/"},"modified":"2025-04-22T14:54:50","modified_gmt":"2025-04-22T12:54:50","slug":"conditions-generales","status":"publish","type":"page","link":"https:\/\/oliodellarocca.com\/fr\/conditions-generales\/","title":{"rendered":"CONDITIONS G\u00c9N\u00c9RALES"},"content":{"rendered":"\t\t<div data-elementor-type=\"wp-page\" data-elementor-id=\"34164\" class=\"elementor elementor-34164 elementor-34140\">\n\t\t\t\t<div class=\"elementor-element elementor-element-b91d76d e-flex e-con-boxed e-con e-parent\" data-id=\"b91d76d\" data-element_type=\"container\">\n\t\t\t\t\t<div class=\"e-con-inner\">\n\t\t\t\t<div class=\"elementor-element elementor-element-13385c5 elementor-widget elementor-widget-html\" data-id=\"13385c5\" data-element_type=\"widget\" data-widget_type=\"html.default\">\n\t\t\t\t<div class=\"elementor-widget-container\">\n\t\t\t\t\t<section style=\"max-width: 800px; margin: 0 auto; padding: 60px 20px; font-family: 'Georgia', serif; color: #111;\">\n  <h1 style=\"font-size: 2.5rem; margin-bottom: 20px;\">Conditions g\u00e9n\u00e9rales d'utilisation<\/h1>\n\n  <p>Bienvenue sur notre site <a href=\"https:\/\/oliodellarocca.com\/fr\/\">oliodellarocca.com<\/a>. En utilisant nos services, vous acceptez les conditions suivantes : <\/p>\n\n  <h2 style=\"margin-top: 40px;\">1. Les produits<\/h2>\n  <p>Nous nous effor\u00e7ons de d\u00e9crire nos produits aussi pr\u00e9cis\u00e9ment que possible. Nous pouvons mettre \u00e0 jour ou supprimer des produits sans pr\u00e9avis. <\/p>\n\n  <h2 style=\"margin-top: 40px;\">2. Commandes et paiements<\/h2>\n  <p>Les commandes sont confirm\u00e9es apr\u00e8s le paiement. Les paiements sont trait\u00e9s en toute s\u00e9curit\u00e9 par des fournisseurs de confiance. <\/p>\n\n  <h2 style=\"margin-top: 40px;\">3. Exp\u00e9dition<\/h2>\n  <p>Nous livrons dans plusieurs pays europ\u00e9ens. Les d\u00e9lais de livraison varient en fonction de votre localisation. <\/p>\n\n  <h2 style=\"margin-top: 40px;\">4. Retours<\/h2>\n  <p>Les retours sont trait\u00e9s conform\u00e9ment \u00e0 notre <a href=\"https:\/\/oliodellarocca.com\/fr\/politique-de-retour\/\">politique de retour.<\/a><\/p>\n\n  <p style=\"margin-top: 40px;\">Vous avez des questions ? Contactez-nous \u00e0 l'adresse <a href=\"mailto:info@oliodellarocca.com\">info@oliodellarocca.com<\/a> <\/p>\n<\/section>\n\t\t\t\t<\/div>\n\t\t\t\t<\/div>\n\t\t\t\t\t<\/div>\n\t\t\t\t<\/div>\n\t\t\t\t<\/div>\n\t\t","protected":false},"excerpt":{"rendered":"<p>Conditions g\u00e9n\u00e9rales d&rsquo;utilisation Bienvenue sur notre site oliodellarocca.com. En utilisant nos services, vous acceptez les conditions suivantes : 1. Les produits Nous nous effor\u00e7ons de d\u00e9crire nos produits aussi pr\u00e9cis\u00e9ment que possible. Nous pouvons mettre \u00e0 jour ou supprimer des produits sans pr\u00e9avis. 2. Commandes et paiements Les commandes sont confirm\u00e9es apr\u00e8s le paiement. Les [&hellip;]<\/p>\n","protected":false},"author":6,"featured_media":0,"parent":0,"menu_order":0,"comment_status":"closed","ping_status":"closed","template":"","meta":{"_acf_changed":false,"site-sidebar-layout":"no-sidebar","site-content-layout":"page-builder","ast-site-content-layout":"full-width-container","site-content-style":"default","site-sidebar-style":"default","ast-global-header-display":"","ast-banner-title-visibility":"","ast-main-header-display":"","ast-hfb-above-header-display":"","ast-hfb-below-header-display":"","ast-hfb-mobile-header-display":"","site-post-title":"disabled","ast-breadcrumbs-content":"","ast-featured-img":"disabled","footer-sml-layout":"","theme-transparent-header-meta":"","adv-header-id-meta":"","stick-header-meta":"","header-above-stick-meta":"","header-main-stick-meta":"","header-below-stick-meta":"","astra-migrate-meta-layouts":"default","ast-page-background-enabled":"default","ast-page-background-meta":{"desktop":{"background-color":"var(--ast-global-color-4)","background-image":"","background-repeat":"repeat","background-position":"center center","background-size":"auto","background-attachment":"scroll","background-type":"","background-media":"","overlay-type":"","overlay-color":"","overlay-opacity":"","overlay-gradient":""},"tablet":{"background-color":"","background-image":"","background-repeat":"repeat","background-position":"center center","background-size":"auto","background-attachment":"scroll","background-type":"","background-media":"","overlay-type":"","overlay-color":"","overlay-opacity":"","overlay-gradient":""},"mobile":{"background-color":"","background-image":"","background-repeat":"repeat","background-position":"center center","background-size":"auto","background-attachment":"scroll","background-type":"","background-media":"","overlay-type":"","overlay-color":"","overlay-opacity":"","overlay-gradient":""}},"ast-content-background-meta":{"desktop":{"background-color":"var(--ast-global-color-5)","background-image":"","background-repeat":"repeat","background-position":"center center","background-size":"auto","background-attachment":"scroll","background-type":"","background-media":"","overlay-type":"","overlay-color":"","overlay-opacity":"","overlay-gradient":""},"tablet":{"background-color":"var(--ast-global-color-5)","background-image":"","background-repeat":"repeat","background-position":"center center","background-size":"auto","background-attachment":"scroll","background-type":"","background-media":"","overlay-type":"","overlay-color":"","overlay-opacity":"","overlay-gradient":""},"mobile":{"background-color":"var(--ast-global-color-5)","background-image":"","background-repeat":"repeat","background-position":"center center","background-size":"auto","background-attachment":"scroll","background-type":"","background-media":"","overlay-type":"","overlay-color":"","overlay-opacity":"","overlay-gradient":""}},"footnotes":""},"class_list":["post-34164","page","type-page","status-publish","hentry"],"acf":[],"yoast_head":"<!-- This site is optimized with the Yoast SEO plugin v27.4 - https:\/\/yoast.com\/product\/yoast-seo-wordpress\/ -->\n<title>CONDITIONS G\u00c9N\u00c9RALES - olio della rocca<\/title>\n<meta name=\"robots\" content=\"index, follow, max-snippet:-1, max-image-preview:large, max-video-preview:-1\" \/>\n<link rel=\"canonical\" href=\"https:\/\/oliodellarocca.com\/fr\/conditions-generales\/\" \/>\n<meta property=\"og:locale\" content=\"fr_FR\" \/>\n<meta property=\"og:type\" content=\"article\" \/>\n<meta property=\"og:title\" content=\"CONDITIONS G\u00c9N\u00c9RALES - olio della rocca\" \/>\n<meta property=\"og:description\" content=\"Conditions g\u00e9n\u00e9rales d&rsquo;utilisation Bienvenue sur notre site oliodellarocca.com. En utilisant nos services, vous acceptez les conditions suivantes : 1. Les produits Nous nous effor\u00e7ons de d\u00e9crire nos produits aussi pr\u00e9cis\u00e9ment que possible. Nous pouvons mettre \u00e0 jour ou supprimer des produits sans pr\u00e9avis. 2. Commandes et paiements Les commandes sont confirm\u00e9es apr\u00e8s le paiement. Les [&hellip;]\" \/>\n<meta property=\"og:url\" content=\"https:\/\/oliodellarocca.com\/fr\/conditions-generales\/\" \/>\n<meta property=\"og:site_name\" content=\"olio della rocca\" \/>\n<meta property=\"article:modified_time\" content=\"2025-04-22T12:54:50+00:00\" \/>\n<meta name=\"twitter:card\" content=\"summary_large_image\" \/>\n<meta name=\"twitter:label1\" content=\"Dur\u00e9e de lecture estim\u00e9e\" \/>\n\t<meta name=\"twitter:data1\" content=\"1 minute\" \/>\n<script type=\"application\/ld+json\" class=\"yoast-schema-graph\">{\"@context\":\"https:\\\/\\\/schema.org\",\"@graph\":[{\"@type\":\"WebPage\",\"@id\":\"https:\\\/\\\/oliodellarocca.com\\\/fr\\\/conditions-generales\\\/\",\"url\":\"https:\\\/\\\/oliodellarocca.com\\\/fr\\\/conditions-generales\\\/\",\"name\":\"CONDITIONS G\u00c9N\u00c9RALES - olio della rocca\",\"isPartOf\":{\"@id\":\"https:\\\/\\\/oliodellarocca.com\\\/fr\\\/#website\"},\"datePublished\":\"2025-04-22T12:04:12+00:00\",\"dateModified\":\"2025-04-22T12:54:50+00:00\",\"breadcrumb\":{\"@id\":\"https:\\\/\\\/oliodellarocca.com\\\/fr\\\/conditions-generales\\\/#breadcrumb\"},\"inLanguage\":\"fr-FR\",\"potentialAction\":[{\"@type\":\"ReadAction\",\"target\":[\"https:\\\/\\\/oliodellarocca.com\\\/fr\\\/conditions-generales\\\/\"]}]},{\"@type\":\"BreadcrumbList\",\"@id\":\"https:\\\/\\\/oliodellarocca.com\\\/fr\\\/conditions-generales\\\/#breadcrumb\",\"itemListElement\":[{\"@type\":\"ListItem\",\"position\":1,\"name\":\"Accueil\",\"item\":\"https:\\\/\\\/oliodellarocca.com\\\/fr\\\/accueil\\\/\"},{\"@type\":\"ListItem\",\"position\":2,\"name\":\"CONDITIONS G\u00c9N\u00c9RALES\"}]},{\"@type\":\"WebSite\",\"@id\":\"https:\\\/\\\/oliodellarocca.com\\\/fr\\\/#website\",\"url\":\"https:\\\/\\\/oliodellarocca.com\\\/fr\\\/\",\"name\":\"olio della rocca\",\"description\":\"Sicilian olive oil\",\"publisher\":{\"@id\":\"https:\\\/\\\/oliodellarocca.com\\\/fr\\\/#organization\"},\"potentialAction\":[{\"@type\":\"SearchAction\",\"target\":{\"@type\":\"EntryPoint\",\"urlTemplate\":\"https:\\\/\\\/oliodellarocca.com\\\/fr\\\/?s={search_term_string}\"},\"query-input\":{\"@type\":\"PropertyValueSpecification\",\"valueRequired\":true,\"valueName\":\"search_term_string\"}}],\"inLanguage\":\"fr-FR\"},{\"@type\":\"Organization\",\"@id\":\"https:\\\/\\\/oliodellarocca.com\\\/fr\\\/#organization\",\"name\":\"olio della rocca\",\"url\":\"https:\\\/\\\/oliodellarocca.com\\\/fr\\\/\",\"logo\":{\"@type\":\"ImageObject\",\"inLanguage\":\"fr-FR\",\"@id\":\"https:\\\/\\\/oliodellarocca.com\\\/fr\\\/#\\\/schema\\\/logo\\\/image\\\/\",\"url\":\"https:\\\/\\\/oliodellarocca.com\\\/wp-content\\\/uploads\\\/2023\\\/10\\\/cropped-logo-01.png\",\"contentUrl\":\"https:\\\/\\\/oliodellarocca.com\\\/wp-content\\\/uploads\\\/2023\\\/10\\\/cropped-logo-01.png\",\"width\":2560,\"height\":444,\"caption\":\"olio della rocca\"},\"image\":{\"@id\":\"https:\\\/\\\/oliodellarocca.com\\\/fr\\\/#\\\/schema\\\/logo\\\/image\\\/\"},\"sameAs\":[\"https:\\\/\\\/www.instagram.com\\\/oliodellarocca\\\/\"]}]}<\/script>\n<!-- \/ Yoast SEO plugin. -->","yoast_head_json":{"title":"CONDITIONS G\u00c9N\u00c9RALES - olio della rocca","robots":{"index":"index","follow":"follow","max-snippet":"max-snippet:-1","max-image-preview":"max-image-preview:large","max-video-preview":"max-video-preview:-1"},"canonical":"https:\/\/oliodellarocca.com\/fr\/conditions-generales\/","og_locale":"fr_FR","og_type":"article","og_title":"CONDITIONS G\u00c9N\u00c9RALES - olio della rocca","og_description":"Conditions g\u00e9n\u00e9rales d&rsquo;utilisation Bienvenue sur notre site oliodellarocca.com. En utilisant nos services, vous acceptez les conditions suivantes : 1. Les produits Nous nous effor\u00e7ons de d\u00e9crire nos produits aussi pr\u00e9cis\u00e9ment que possible. Nous pouvons mettre \u00e0 jour ou supprimer des produits sans pr\u00e9avis. 2. Commandes et paiements Les commandes sont confirm\u00e9es apr\u00e8s le paiement. Les [&hellip;]","og_url":"https:\/\/oliodellarocca.com\/fr\/conditions-generales\/","og_site_name":"olio della rocca","article_modified_time":"2025-04-22T12:54:50+00:00","twitter_card":"summary_large_image","twitter_misc":{"Dur\u00e9e de lecture estim\u00e9e":"1 minute"},"schema":{"@context":"https:\/\/schema.org","@graph":[{"@type":"WebPage","@id":"https:\/\/oliodellarocca.com\/fr\/conditions-generales\/","url":"https:\/\/oliodellarocca.com\/fr\/conditions-generales\/","name":"CONDITIONS G\u00c9N\u00c9RALES - olio della rocca","isPartOf":{"@id":"https:\/\/oliodellarocca.com\/fr\/#website"},"datePublished":"2025-04-22T12:04:12+00:00","dateModified":"2025-04-22T12:54:50+00:00","breadcrumb":{"@id":"https:\/\/oliodellarocca.com\/fr\/conditions-generales\/#breadcrumb"},"inLanguage":"fr-FR","potentialAction":[{"@type":"ReadAction","target":["https:\/\/oliodellarocca.com\/fr\/conditions-generales\/"]}]},{"@type":"BreadcrumbList","@id":"https:\/\/oliodellarocca.com\/fr\/conditions-generales\/#breadcrumb","itemListElement":[{"@type":"ListItem","position":1,"name":"Accueil","item":"https:\/\/oliodellarocca.com\/fr\/accueil\/"},{"@type":"ListItem","position":2,"name":"CONDITIONS G\u00c9N\u00c9RALES"}]},{"@type":"WebSite","@id":"https:\/\/oliodellarocca.com\/fr\/#website","url":"https:\/\/oliodellarocca.com\/fr\/","name":"olio della rocca","description":"Sicilian olive oil","publisher":{"@id":"https:\/\/oliodellarocca.com\/fr\/#organization"},"potentialAction":[{"@type":"SearchAction","target":{"@type":"EntryPoint","urlTemplate":"https:\/\/oliodellarocca.com\/fr\/?s={search_term_string}"},"query-input":{"@type":"PropertyValueSpecification","valueRequired":true,"valueName":"search_term_string"}}],"inLanguage":"fr-FR"},{"@type":"Organization","@id":"https:\/\/oliodellarocca.com\/fr\/#organization","name":"olio della rocca","url":"https:\/\/oliodellarocca.com\/fr\/","logo":{"@type":"ImageObject","inLanguage":"fr-FR","@id":"https:\/\/oliodellarocca.com\/fr\/#\/schema\/logo\/image\/","url":"https:\/\/oliodellarocca.com\/wp-content\/uploads\/2023\/10\/cropped-logo-01.png","contentUrl":"https:\/\/oliodellarocca.com\/wp-content\/uploads\/2023\/10\/cropped-logo-01.png","width":2560,"height":444,"caption":"olio della rocca"},"image":{"@id":"https:\/\/oliodellarocca.com\/fr\/#\/schema\/logo\/image\/"},"sameAs":["https:\/\/www.instagram.com\/oliodellarocca\/"]}]}},"jetpack_sharing_enabled":true,"_links":{"self":[{"href":"https:\/\/oliodellarocca.com\/fr\/wp-json\/wp\/v2\/pages\/34164","targetHints":{"allow":["GET"]}}],"collection":[{"href":"https:\/\/oliodellarocca.com\/fr\/wp-json\/wp\/v2\/pages"}],"about":[{"href":"https:\/\/oliodellarocca.com\/fr\/wp-json\/wp\/v2\/types\/page"}],"author":[{"embeddable":true,"href":"https:\/\/oliodellarocca.com\/fr\/wp-json\/wp\/v2\/users\/6"}],"replies":[{"embeddable":true,"href":"https:\/\/oliodellarocca.com\/fr\/wp-json\/wp\/v2\/comments?post=34164"}],"version-history":[{"count":3,"href":"https:\/\/oliodellarocca.com\/fr\/wp-json\/wp\/v2\/pages\/34164\/revisions"}],"predecessor-version":[{"id":34180,"href":"https:\/\/oliodellarocca.com\/fr\/wp-json\/wp\/v2\/pages\/34164\/revisions\/34180"}],"wp:attachment":[{"href":"https:\/\/oliodellarocca.com\/fr\/wp-json\/wp\/v2\/media?parent=34164"}],"curies":[{"name":"wp","href":"https:\/\/api.w.org\/{rel}","templated":true}]}}